{"id":5,"date":"2022-05-13T07:27:23","date_gmt":"2022-05-13T07:27:23","guid":{"rendered":"https:\/\/consulting.fatcat.sk\/?page_id=5"},"modified":"2022-05-24T14:10:18","modified_gmt":"2022-05-24T14:10:18","slug":"home","status":"publish","type":"page","link":"https:\/\/consulting.fatcat.sk\/","title":{"rendered":"Home"},"content":{"rendered":"\n<div class=\"wp-block-cover alignfull is-light\" style=\"min-height:700px\"><span aria-hidden=\"true\" class=\"has-background-dim-0 wp-block-cover__gradient-background has-background-dim\"><\/span><img class=\"wp-block-cover__image-background\" alt=\"\" src=\"https:\/\/consulting.fatcat.sk\/wp-content\/themes\/neve\/assets\/img\/starter-content\/hero.jpg\" style=\"object-position:50% 64%\" data-object-fit=\"cover\" data-object-position=\"50% 64%\"\/><div class=\"wp-block-cover__inner-container\">\n<div style=\"height:80px\" aria-hidden=\"true\" class=\"wp-block-spacer\"><\/div>\n\n\n\n<h1 class=\"has-text-align-center has-text-color\" style=\"color:#121212\">Ste jedine\u010dn\u00ed. Preto rie\u0161enie na mieru.<\/h1>\n\n\n\n<p class=\"has-text-align-center has-text-color\" style=\"color:#121212;font-size:17px\">Zabudnite na digit\u00e1lne strat\u00e9gie, procesy, architekt\u00faru, firemn\u00fa kult\u00faru, agile a ostatn\u00e9 buzzwordy. To \u010do vyhovuje v\u0161etk\u00fdm, sa mo\u017eno nemus\u00ed hodi\u0165 nikomu. My vieme \u010do a pre\u010do sa hod\u00ed v\u00e1m. Neprisp\u00f4sobujte sa metodike, prisp\u00f4sobte metodiku sebe.<\/p>\n\n\n\n<div style=\"height:80px\" aria-hidden=\"true\" class=\"wp-block-spacer\"><\/div>\n\n\n\n<div style=\"height:80px\" aria-hidden=\"true\" class=\"wp-block-spacer\"><\/div>\n<\/div><\/div>\n\n\n\n<div style=\"height:80px\" aria-hidden=\"true\" class=\"wp-block-spacer\"><\/div>\n\n\n\n<div class=\"wp-block-columns\">\n<div class=\"wp-block-column\">\n<div class=\"wp-block-image icon-style is-style-default\"><figure class=\"aligncenter is-resized\"><img loading=\"lazy\" src=\"https:\/\/consulting.fatcat.sk\/wp-content\/themes\/neve\/assets\/img\/starter-content\/icon-03.svg\" alt=\"\" width=\"48\" height=\"48\"\/><\/figure><\/div>\n\n\n\n<h3 class=\"has-text-align-center has-neve-text-color-color has-text-color\">Lep\u0161ie fungovanie<\/h3>\n\n\n\n<p class=\"has-text-align-center\">Zr\u00fdchlite, spresnite, zjednodu\u0161te, zefekt\u00edvnite, prioritizujte v\u0161etko, \u010do va\u0161a firma rob\u00ed.<br><br>Pre\u010do sa t\u00fdm zaobera\u0165? Pochopi\u0165 a vidie\u0165, ako sa veci robia dnes, umo\u017enuje zamera\u0165 sa na zlep\u0161enie. To, ako sa veci robia, ur\u010duje, ak\u00e9 \u00faspe\u0161n\u00e9 bud\u00fa v\u00fdsledky. <br><br>Ak sa zameriate na spr\u00e1vne miesta spr\u00e1vnym sp\u00f4sobom, otvor\u00ed to cestu k \u00faspechu.<\/p>\n\n\n\n<div style=\"height:20px\" aria-hidden=\"true\" class=\"wp-block-spacer\"><\/div>\n<\/div>\n\n\n\n<div class=\"wp-block-column\">\n<div class=\"wp-block-image icon-style is-style-default\"><figure class=\"aligncenter is-resized\"><img loading=\"lazy\" src=\"https:\/\/consulting.fatcat.sk\/wp-content\/themes\/neve\/assets\/img\/starter-content\/icon-02.svg\" alt=\"\" width=\"48\" height=\"48\"\/><\/figure><\/div>\n\n\n\n<h3 class=\"has-text-align-center has-neve-text-color-color has-text-color\">Vyu\u017eitie zdrojov<\/h3>\n\n\n\n<p>Dosta\u0148te \u201eNAJVIAC\u201c zo zdrojov, ktor\u00e9 m\u00e1te k dispoz\u00edcii tak, aby ste dosiahli svoj \u00fa\u010del.<\/p>\n\n\n\n<p>Vyu\u017eitie zdrojov je hodnota popisuj\u00faca, ko\u013eko z dostupn\u00fdch zdrojov moment\u00e1lne vyu\u017e\u00edvate.<br><br>Pre jej maximaliz\u00e1ciu je nevyhnutn\u00e9 zdroje pl\u00e1nova\u0165 a n\u00e1sledne efekt\u00edvne vyu\u017e\u00edva\u0165. Vtedy je organiz\u00e1cia najprodukt\u00edvnej\u0161ia.<br><br>Ak je vyu\u017eitie zdrojov pr\u00edli\u0161 vysoko a nedosahujete z\u00e1mer, pravdepodobne budete musie\u0165 prida\u0165 \u010fal\u0161ie zdroje. Ak je hodnota pr\u00edli\u0161 n\u00edzko, treba sk\u00fama\u0165 pre\u010do.<br><br>Vyu\u017eitie zdrojov je kl\u00fa\u010dom k optim\u00e1lnemu fungovaniu.<\/p>\n<\/div>\n\n\n\n<div class=\"wp-block-column\">\n<div class=\"wp-block-image icon-style is-style-rounded\"><figure class=\"aligncenter is-resized\"><img loading=\"lazy\" src=\"https:\/\/consulting.fatcat.sk\/wp-content\/themes\/neve\/assets\/img\/starter-content\/icon-01.svg\" alt=\"\" width=\"48\" height=\"48\"\/><\/figure><\/div>\n\n\n\n<h3 class=\"has-text-align-center has-neve-text-color-color has-text-color\">Spokojn\u00ed \u013eudia<\/h3>\n\n\n\n<p class=\"has-text-align-center\">Vylep\u0161ite vz\u0165ahy so z\u00e1kazn\u00edkmi, zbavte sa stresu, vy aj va\u0161i kolegovia. <br><br>Z\u00e1kazn\u00edcka lojalita je pretrv\u00e1vaj\u00faci emocion\u00e1lny vz\u0165ah medzi vami a va\u0161im z\u00e1kazn\u00edkom. Prejavuje sa t\u00fdm, ako je z\u00e1kazn\u00edk ochotn\u00fd s vami spolupracova\u0165 a opakovane nakupova\u0165 od v\u00e1s. Lojalita je ved\u013eaj\u0161\u00edm produktom pozit\u00edvnej sk\u00fasenosti z\u00e1kazn\u00edka.<br><br>Vyv\u00e1\u017een\u00fd pracovn\u00fd \u017eivot je mimoriadne d\u00f4le\u017eit\u00fd. Zamestnanci vtedy maj\u00fa dostatok pr\u00e1ce, takej, ktor\u00e1 ich nap\u013a\u0148a, prin\u00e1\u0161a v\u00fdsledky. Na druhej strane, je nevyhnutn\u00e9 predch\u00e1dza\u0165 prepracovaniu a vyhoreniu.<br><br>Loj\u00e1lni z\u00e1kazn\u00edci, spokojn\u00ed zamestnanci,  = \u00faspe\u0161n\u00e1 firma.<\/p>\n\n\n\n<div style=\"height:20px\" aria-hidden=\"true\" class=\"wp-block-spacer\"><\/div>\n<\/div>\n<\/div>\n\n\n\n<div style=\"height:80px\" aria-hidden=\"true\" class=\"wp-block-spacer\"><\/div>\n\n\n\n<div class=\"wp-block-cover alignfull\" style=\"min-height:600px\"><span aria-hidden=\"true\" class=\"has-nv-light-bg-background-color has-background-dim-100 wp-block-cover__gradient-background has-background-dim\"><\/span><div class=\"wp-block-cover__inner-container\">\n<div class=\"wp-container-1 wp-block-group\"><div class=\"wp-block-group__inner-container\">\n<div style=\"height:80px\" aria-hidden=\"true\" class=\"wp-block-spacer\"><\/div>\n\n\n\n<div class=\"wp-block-columns are-vertically-aligned-center\">\n<div class=\"wp-block-column is-vertically-aligned-center\" style=\"flex-basis:50%\">\n<figure class=\"wp-block-image is-style-default\"><img src=\"https:\/\/consulting.fatcat.sk\/wp-content\/themes\/neve\/assets\/img\/starter-content\/card-05.jpg\" alt=\"\"\/><\/figure>\n<\/div>\n\n\n\n<div class=\"wp-block-column is-vertically-aligned-center\" style=\"flex-basis:50%\">\n<div style=\"height:20px\" aria-hidden=\"true\" class=\"wp-block-spacer\"><\/div>\n\n\n\n<h2 class=\"has-text-align-left has-neve-text-color-color has-text-color\">Nadh\u013ead<\/h2>\n\n\n\n<p class=\"has-text-align-left has-neve-text-color-color has-text-color\" style=\"font-size:17px\">Ka\u017edodenn\u00fd zhon za dosahovan\u00edm najlep\u0161\u00edch mo\u017en\u00fdch biznis cie\u013eov mnoho kr\u00e1t br\u00e1ni v tom aby sme si na\u0161li \u010das zastavi\u0165 sa a spravi\u0165 krok sp\u00e4\u0165.<br><br>My sprav\u00edme krok sp\u00e4\u0165 za v\u00e1s, pom\u00f4\u017eeme v\u00e1m identifikova\u0165 &#8220;quick-wins&#8221;, ktor\u00e9 v\u00e1s posun\u00fa bli\u017e\u0161ie k Va\u0161im cie\u013eom.<\/p>\n\n\n\n<p><\/p>\n\n\n\n<p><\/p>\n\n\n\n<p class=\"has-text-align-left has-neve-text-color-color has-text-color\" style=\"font-size:17px\"><\/p>\n<\/div>\n<\/div>\n\n\n\n<div style=\"height:40px\" aria-hidden=\"true\" class=\"wp-block-spacer\"><\/div>\n<\/div><\/div>\n<\/div><\/div>\n\n\n\n<div class=\"wp-block-cover alignfull\" style=\"min-height:600px\"><span aria-hidden=\"true\" class=\"has-nv-site-bg-background-color has-background-dim-100 wp-block-cover__gradient-background has-background-dim\"><\/span><div class=\"wp-block-cover__inner-container\">\n<div class=\"wp-container-2 wp-block-group\"><div class=\"wp-block-group__inner-container\">\n<div style=\"height:80px\" aria-hidden=\"true\" class=\"wp-block-spacer\"><\/div>\n\n\n\n<div class=\"wp-block-columns are-vertically-aligned-center\">\n<div class=\"wp-block-column is-vertically-aligned-center\" style=\"flex-basis:50%\">\n<h2 class=\"has-text-align-left has-neve-text-color-color has-text-color\">\u0160tandardy, hodnoty, s\u00falad<\/h2>\n\n\n\n<p class=\"has-text-align-left has-neve-text-color-color has-text-color\" style=\"font-size:17px\">Piliere \u00faspe\u0161n\u00e9ho podniku <\/p>\n\n\n\n<p class=\"has-neve-link-color-color has-text-color\">\u0160tandard je protip\u00f3l chaosu. Pom\u00e1ha ma\u0165 \u201cveci\u201d pod kontrolu. Bez \u0161tandardov je \u017eivot iba s\u00e9ria n\u00e1hod. Neviete sa oprie\u0165 o to \u010do funguje a neviete sa zlep\u0161ova\u0165. Ak s\u00fa \u0161tandardy spr\u00e1vne, ved\u00fa n\u00e1s dosahova\u0165 po\u017eadovan\u00e9 v\u00fdsledky opakovane.&nbsp; Na druhej strane \u0161tandard je nie\u010do \u010do by malo pru\u017ene reagova\u0165 na vonkaj\u0161ie zmeny podmienok..&nbsp;<\/p>\n\n\n\n<p class=\"has-neve-link-color-color has-text-color\">Hodnoty s\u00fa z\u00e1kladn\u00fdm semaforom v spr\u00e1van\u00ed jednotlivcov, skup\u00edn a spolo\u010dnosti. Ovlyv\u0148uj\u00fa Va\u0161e rozhodnutia a ur\u010duj\u00fa priority. Hodnotu m\u00e1 pre V\u00e1s v\u0161etko \u010do je cenn\u00e9, \u010do je d\u00f4le\u017eit\u00e9. Cie\u013eom ka\u017edej konkurencieschopnej firmy je vykon\u00e1va\u0165 \u010dinnosti ktor\u00e9 zvy\u0161uj\u00fa hodnoty v\u00fdrobku alebo slu\u017eby.&nbsp;<\/p>\n\n\n\n<div style=\"height:40px\" aria-hidden=\"true\" class=\"wp-block-spacer\"><\/div>\n<\/div>\n\n\n\n<div class=\"wp-block-column is-vertically-aligned-center\" style=\"flex-basis:50%\">\n<figure class=\"wp-block-image\"><img src=\"https:\/\/consulting.fatcat.sk\/wp-content\/themes\/neve\/assets\/img\/starter-content\/card-04.jpg\" alt=\"\"\/><\/figure>\n<\/div>\n<\/div>\n\n\n\n<div style=\"height:40px\" aria-hidden=\"true\" class=\"wp-block-spacer\"><\/div>\n<\/div><\/div>\n<\/div><\/div>\n\n\n\n<div class=\"wp-block-cover alignfull\" style=\"min-height:600px\"><span aria-hidden=\"true\" class=\"has-nv-light-bg-background-color has-background-dim-100 wp-block-cover__gradient-background has-background-dim\"><\/span><div class=\"wp-block-cover__inner-container\">\n<div class=\"wp-container-3 wp-block-group\"><div class=\"wp-block-group__inner-container\">\n<div style=\"height:80px\" aria-hidden=\"true\" class=\"wp-block-spacer\"><\/div>\n\n\n\n<div class=\"wp-block-columns are-vertically-aligned-center\">\n<div class=\"wp-block-column is-vertically-aligned-center\" style=\"flex-basis:50%\">\n<figure class=\"wp-block-image\"><img src=\"https:\/\/consulting.fatcat.sk\/wp-content\/themes\/neve\/assets\/img\/starter-content\/card-03.jpg\" alt=\"\"\/><\/figure>\n<\/div>\n\n\n\n<div class=\"wp-block-column is-vertically-aligned-center has-neve-text-color-color has-text-color\" style=\"flex-basis:50%\">\n<div style=\"height:40px\" aria-hidden=\"true\" class=\"wp-block-spacer\"><\/div>\n\n\n\n<h2 class=\"has-text-align-left has-neve-text-color-color has-text-color\">Prioritiz\u00e1cia toho \u010do a kedy<\/h2>\n\n\n\n<p class=\"has-text-align-left has-neve-text-color-color has-text-color\" style=\"font-size:17px\">Stanovenie prior\u00edt je nevyhnutn\u00e9, aby sa dokon\u010dilo v\u0161etko, \u010do je potrebn\u00e9 urobi\u0165. Prioritizovanie je d\u00f4le\u017eit\u00e9, preto\u017ee v\u00e1m umo\u017e\u0148uje venova\u0165 pozornos\u0165 \u00faloh\u00e1m, ktor\u00e9 s\u00fa d\u00f4le\u017eit\u00e9 a naliehav\u00e9, aby ste sa nesk\u00f4r mohli s\u00fastredi\u0165 na \u00falohy s ni\u017e\u0161ou prioritou.<br><br>Ak si nestanov\u00edte jasn\u00e9 priority, budete str\u00e1ca\u0165 ve\u013ea drahocenn\u00e9ho \u010dasu, energie, pe\u0148az\u00ed a pozornosti na \u00falohy, ktor\u00e9 nie s\u00fa a\u017e tak d\u00f4le\u017eit\u00e9, alebo, ktor\u00e9 v\u00e1s pr\u00edli\u0161 vy\u010derp\u00e1vaj\u00fa, pr\u00edpadne nie s\u00fa tak\u00e9 naliehav\u00e9 ako in\u00e9. Bez efekt\u00edvneho ur\u010dovania priority, nikdy nebudete tak produkt\u00edvni, ako by ste chceli.<br><br>S prioritiz\u00e1ciou ako \u010dinnos\u0165ou m\u00e1me sk\u00fasenos\u0165. Prioritizovali sme v\u0161etko, \u010do sa vo firme prioritizova\u0165 d\u00e1. Radi v\u00e1s to nau\u010d\u00edme.<\/p>\n<\/div>\n<\/div>\n\n\n\n<div style=\"height:40px\" aria-hidden=\"true\" class=\"wp-block-spacer\"><\/div>\n<\/div><\/div>\n<\/div><\/div>\n\n\n\n<div style=\"height:40px\" aria-hidden=\"true\" class=\"wp-block-spacer\"><\/div>\n\n\n\n<div class=\"wp-block-cover alignfull\" style=\"min-height:300px\"><span aria-hidden=\"true\" class=\"has-nv-site-bg-background-color has-background-dim-100 wp-block-cover__gradient-background has-background-dim\"><\/span><div class=\"wp-block-cover__inner-container\">\n<div style=\"height:140px\" aria-hidden=\"true\" class=\"wp-block-spacer\"><\/div>\n\n\n\n<h2 class=\"has-text-align-center has-neve-text-color-color has-text-color\">Let\u2019s work together<\/h2>\n\n\n\n<p class=\"has-text-align-center has-neve-text-color-color has-text-color has-medium-font-size\">Lorem ipsum dolor sit amet, consectetur adipiscing elit. Ut elit tellus, luctus <br>nec ullamcorper mattis, pulvinar dapibus leo.<\/p>\n\n\n\n<div class=\"wp-container-4 wp-block-buttons\">\n<div class=\"wp-block-button is-style-primary\"><a class=\"wp-block-button__link\" href=\"#\">LEARN MORE<\/a><\/div>\n<\/div>\n\n\n\n<div style=\"height:140px\" aria-hidden=\"true\" class=\"wp-block-spacer\"><\/div>\n<\/div><\/div>\n","protected":false},"excerpt":{"rendered":"<p>Lep\u0161ie fungovanie Zr\u00fdchlite, spresnite, zjednodu\u0161te, zefekt\u00edvnite, prioritizujte v\u0161etko, \u010do va\u0161a firma rob\u00ed. Pre\u010do sa t\u00fdm zaobera\u0165? Pochopi\u0165 a vidie\u0165, ako sa veci robia dnes, umo\u017enuje zamera\u0165 sa na zlep\u0161enie. To, ako sa veci robia, ur\u010duje, ak\u00e9 \u00faspe\u0161n\u00e9 bud\u00fa v\u00fdsledky. Ak sa zameriate na spr\u00e1vne miesta spr\u00e1vnym sp\u00f4sobom, otvor\u00ed to cestu k \u00faspechu. Vyu\u017eitie zdrojov Dosta\u0148te&hellip;&nbsp;<a href=\"https:\/\/consulting.fatcat.sk\/\" class=\"\" rel=\"bookmark\">Read More &raquo;<span class=\"screen-reader-text\">Home<\/span><\/a><\/p>\n","protected":false},"author":1,"featured_media":0,"parent":0,"menu_order":0,"comment_status":"closed","ping_status":"closed","template":"","meta":{"neve_meta_sidebar":"","neve_meta_container":"","neve_meta_enable_content_width":"on","neve_meta_content_width":100,"neve_meta_title_alignment":"","neve_meta_author_avatar":"","neve_post_elements_order":"","neve_meta_disable_header":"","neve_meta_disable_footer":"","neve_meta_disable_title":"on"},"_links":{"self":[{"href":"https:\/\/consulting.fatcat.sk\/index.php\/wp-json\/wp\/v2\/pages\/5"}],"collection":[{"href":"https:\/\/consulting.fatcat.sk\/index.php\/wp-json\/wp\/v2\/pages"}],"about":[{"href":"https:\/\/consulting.fatcat.sk\/index.php\/wp-json\/wp\/v2\/types\/page"}],"author":[{"embeddable":true,"href":"https:\/\/consulting.fatcat.sk\/index.php\/wp-json\/wp\/v2\/users\/1"}],"replies":[{"embeddable":true,"href":"https:\/\/consulting.fatcat.sk\/index.php\/wp-json\/wp\/v2\/comments?post=5"}],"version-history":[{"count":42,"href":"https:\/\/consulting.fatcat.sk\/index.php\/wp-json\/wp\/v2\/pages\/5\/revisions"}],"predecessor-version":[{"id":90,"href":"https:\/\/consulting.fatcat.sk\/index.php\/wp-json\/wp\/v2\/pages\/5\/revisions\/90"}],"wp:attachment":[{"href":"https:\/\/consulting.fatcat.sk\/index.php\/wp-json\/wp\/v2\/media?parent=5"}],"curies":[{"name":"wp","href":"https:\/\/api.w.org\/{rel}","templated":true}]}}